{"id":8608,"date":"2024-08-28T01:21:50","date_gmt":"2024-08-27T21:21:50","guid":{"rendered":"https:\/\/kidneytransplant.az\/x%c9%99st%c9%99l%c9%99r-ucun\/"},"modified":"2025-04-15T01:51:26","modified_gmt":"2025-04-14T21:51:26","slug":"news","status":"publish","type":"page","link":"https:\/\/kidneytransplant.az\/en\/news\/","title":{"rendered":"News"},"content":{"rendered":"\t\t<div data-elementor-type=\"wp-page\" data-elementor-id=\"8608\" class=\"elementor elementor-8608 elementor-6636\" data-elementor-post-type=\"page\">\n\t\t\t\t        <section class=\"elementor-section elementor-top-section elementor-element elementor-element-3081c6a elementor-section-stretched elementor-section-boxed elementor-section-height-default elementor-section-height-default\" data-id=\"3081c6a\" data-element_type=\"section\" data-settings=\"{&quot;stretch_section&quot;:&quot;section-stretched&quot;,&quot;background_background&quot;:&quot;classic&quot;}\">\n            \n                        <div class=\"elementor-container elementor-column-gap-default \">\n                    <div class=\"elementor-column elementor-col-100 elementor-top-column elementor-element elementor-element-9d27238\" data-id=\"9d27238\" data-element_type=\"column\">\n        <div class=\"elementor-widget-wrap elementor-element-populated\">\n                    \n                <section class=\"elementor-section elementor-inner-section elementor-element elementor-element-c6c64c6 elementor-section-content-middle elementor-section-boxed elementor-section-height-default elementor-section-height-default\" data-id=\"c6c64c6\" data-element_type=\"section\">\n            \n                        <div class=\"elementor-container elementor-column-gap-extended \">\n                    <div class=\"elementor-column elementor-col-100 elementor-inner-column elementor-element elementor-element-a5b7180\" data-id=\"a5b7180\" data-element_type=\"column\">\n        <div class=\"elementor-widget-wrap elementor-element-populated\">\n                    \n        \t\t<div class=\"elementor-element elementor-element-81d7d86 elementor-widget elementor-widget-ct_heading\" data-id=\"81d7d86\" data-element_type=\"widget\" data-widget_type=\"ct_heading.default\">\n\t\t\t\t<div class=\"elementor-widget-container\">\n\t\t\t\t\t<div class=\"ct-heading h-align- item-st-default\">\r\n\t\t\t<div class=\"item--sub-title style-default\">\r\n            <span>\r\n                News            <\/span>\r\n        <\/div>\r\n\t    <h3 class=\"item--title case-animate-time st-default \" data-wow-delay=\"ms\">\r\n        <span><\/span>    <\/h3>\r\n<\/div>\r\n\r\n\t\t\t\t<\/div>\n\t\t\t\t<\/div>\n\t\t            <\/div>\n        <\/div>\n                    <\/div>\n        <\/section>\n        \t\t<div class=\"elementor-element elementor-element-b5836f6 elementor-widget elementor-widget-ct_blog_grid\" data-id=\"b5836f6\" data-element_type=\"widget\" data-widget_type=\"ct_blog_grid.default\">\n\t\t\t\t<div class=\"elementor-widget-container\">\n\t\t\t\t\t\r\n<div id=\"ct_blog_grid-b5836f6\" class=\"ct-grid ct-blog-grid ct-blog-grid-layout1\" data-layout=\"masonry\" data-start-page=\"1\" data-max-pages=\"1\" data-total=\"4\" data-perpage=\"20\" data-next-link=\"\">\r\n    <div class=\"ct-grid-overlay\"><\/div>\r\n    \r\n    <div class=\"ct-grid-inner ct-grid-masonry row animate-time\" data-gutter=\"15\">\r\n                    <div class=\"grid-sizer col-xl-4 col-lg-4 col-md-6 col-sm-6 col-12\"><\/div>\r\n                                <div class=\"grid-item col-xl-4 col-lg-4 col-md-6 col-sm-6 col-12 maraqli-m%c9%99lumatlar-en news\">\r\n                    <div class=\"grid-item-inner \" data-wow-duration=\"1.2s\">\r\n                                                    <div class=\"item--featured image-effect-white\">\r\n                                <a href=\"https:\/\/kidneytransplant.az\/en\/boyr%c9%99k-x%c9%99st%c9%99liyind%c9%99-fiziki-aktivliyin-rolu\/\"><img fetchpriority=\"high\" decoding=\"async\" class=\"no-lazyload \" src=\"https:\/\/kidneytransplant.az\/wp-content\/uploads\/2024\/09\/1-370x300.png\" width=\"370\" height=\"300\" alt=\"1\" title=\"1\" \/><\/a>\r\n                                                                    <div class=\"item--date ct-date-box\">\r\n                                        <div class=\"item--date-inner\">\r\n                                            <span>24<\/span>\r\n                                            <span>Sep, 24<\/span>\r\n                                        <\/div>\r\n                                    <\/div>\r\n                                                            <\/div>\r\n                                                <div class=\"item--body\">\r\n                                                        <h3 class=\"item--title\"><a href=\"https:\/\/kidneytransplant.az\/en\/boyr%c9%99k-x%c9%99st%c9%99liyind%c9%99-fiziki-aktivliyin-rolu\/\">B\u00f6yr\u0259k X\u0259st\u0259liyind\u0259 Fiziki Aktivliyin Rolu<\/a><\/h3>\r\n                                                            <div class=\"item--content\">\r\n                                    Fiziki aktivlik, b\u00f6yr\u0259k x\u0259st\u0259l\u0259rinin \u00fcmumi sa\u011flaml\u0131\u011f\u0131n\u0131 yax\u015f\u0131la\u015fd\u0131rmaq \u00fc\u00e7\u00fcn m\u00fch\u00fcm bir komponentdir. M\u00fct\u0259madi olaraq idman etm\u0259k, qan t\u0259zyiqini v\u0259 qan \u015f\u0259k\u0259rini nizamlama\u011fa k\u00f6m\u0259k edir, bu&hellip;                                <\/div>\r\n                                                                                <\/div>\r\n                    <\/div>\r\n                <\/div>\r\n                            <div class=\"grid-item col-xl-4 col-lg-4 col-md-6 col-sm-6 col-12 maraqli-m%c9%99lumatlar-en news\">\r\n                    <div class=\"grid-item-inner \" data-wow-duration=\"1.2s\">\r\n                                                    <div class=\"item--featured image-effect-white\">\r\n                                <a href=\"https:\/\/kidneytransplant.az\/en\/symptoms-and-diagnosis-of-kidney-disease\/\"><img decoding=\"async\" class=\"no-lazyload \" src=\"https:\/\/kidneytransplant.az\/wp-content\/uploads\/2020\/11\/for_patient-370x300.webp\" width=\"370\" height=\"300\" alt=\"for_patient\" title=\"for_patient\" \/><\/a>\r\n                                                                    <div class=\"item--date ct-date-box\">\r\n                                        <div class=\"item--date-inner\">\r\n                                            <span>24<\/span>\r\n                                            <span>Sep, 24<\/span>\r\n                                        <\/div>\r\n                                    <\/div>\r\n                                                            <\/div>\r\n                                                <div class=\"item--body\">\r\n                                                        <h3 class=\"item--title\"><a href=\"https:\/\/kidneytransplant.az\/en\/symptoms-and-diagnosis-of-kidney-disease\/\">Symptoms and Diagnosis of Kidney Disease<\/a><\/h3>\r\n                                                            <div class=\"item--content\">\r\n                                    Early detection and treatment of kidney diseases are more effective. Therefore, it is crucial to know the symptoms of kidney diseases.                                <\/div>\r\n                                                                                <\/div>\r\n                    <\/div>\r\n                <\/div>\r\n                            <div class=\"grid-item col-xl-4 col-lg-4 col-md-6 col-sm-6 col-12 maraqli-m%c9%99lumatlar-en news\">\r\n                    <div class=\"grid-item-inner \" data-wow-duration=\"1.2s\">\r\n                                                    <div class=\"item--featured image-effect-white\">\r\n                                <a href=\"https:\/\/kidneytransplant.az\/en\/ways-to-protect-kidney-health\/\"><img fetchpriority=\"high\" decoding=\"async\" class=\"no-lazyload \" src=\"https:\/\/kidneytransplant.az\/wp-content\/uploads\/2024\/09\/1-370x300.png\" width=\"370\" height=\"300\" alt=\"1\" title=\"1\" \/><\/a>\r\n                                                                    <div class=\"item--date ct-date-box\">\r\n                                        <div class=\"item--date-inner\">\r\n                                            <span>24<\/span>\r\n                                            <span>Sep, 24<\/span>\r\n                                        <\/div>\r\n                                    <\/div>\r\n                                                            <\/div>\r\n                                                <div class=\"item--body\">\r\n                                                        <h3 class=\"item--title\"><a href=\"https:\/\/kidneytransplant.az\/en\/ways-to-protect-kidney-health\/\">Ways to Protect Kidney Health:<\/a><\/h3>\r\n                                                            <div class=\"item--content\">\r\n                                    To protect kidney health, we need to make some adjustments in our daily lives. The following recommendations can help maintain optimal kidney function.                                <\/div>\r\n                                                                                <\/div>\r\n                    <\/div>\r\n                <\/div>\r\n                            <div class=\"grid-item col-xl-4 col-lg-4 col-md-6 col-sm-6 col-12 maraqli-m%c9%99lumatlar-en news\">\r\n                    <div class=\"grid-item-inner \" data-wow-duration=\"1.2s\">\r\n                                                    <div class=\"item--featured image-effect-white\">\r\n                                <a href=\"https:\/\/kidneytransplant.az\/en\/the-importance-of-nutrition-in-kidney-disease\/\"><img decoding=\"async\" class=\"no-lazyload \" src=\"https:\/\/kidneytransplant.az\/wp-content\/uploads\/2024\/09\/gfgf-370x300.png\" width=\"370\" height=\"300\" alt=\"gfgf\" title=\"gfgf\" \/><\/a>\r\n                                                                    <div class=\"item--date ct-date-box\">\r\n                                        <div class=\"item--date-inner\">\r\n                                            <span>24<\/span>\r\n                                            <span>Sep, 24<\/span>\r\n                                        <\/div>\r\n                                    <\/div>\r\n                                                            <\/div>\r\n                                                <div class=\"item--body\">\r\n                                                        <h3 class=\"item--title\"><a href=\"https:\/\/kidneytransplant.az\/en\/the-importance-of-nutrition-in-kidney-disease\/\">The Importance of Nutrition in Kidney Disease<\/a><\/h3>\r\n                                                            <div class=\"item--content\">\r\n                                    The diet regimen of kidney patients plays a crucial role in managing the disease and preventing its progression. The kidneys are organs that remove&hellip;                                <\/div>\r\n                                                                                <\/div>\r\n                    <\/div>\r\n                <\/div>\r\n                <\/div>\r\n            <div class=\"ct-grid-pagination\" data-loadmore=\"{&quot;startPage&quot;:1,&quot;maxPages&quot;:1,&quot;total&quot;:4,&quot;perpage&quot;:20,&quot;nextLink&quot;:&quot;&quot;,&quot;source&quot;:[&quot;news|category&quot;],&quot;orderby&quot;:&quot;date&quot;,&quot;order&quot;:&quot;desc&quot;,&quot;limit&quot;:20,&quot;post_ids&quot;:&quot;&quot;,&quot;col_xl&quot;:4,&quot;col_lg&quot;:4,&quot;col_md&quot;:6,&quot;col_sm&quot;:6,&quot;col_xs&quot;:12,&quot;thumbnail_size&quot;:&quot;custom&quot;,&quot;thumbnail_custom_dimension&quot;:{&quot;width&quot;:&quot;&quot;,&quot;height&quot;:&quot;&quot;},&quot;pagination_type&quot;:&quot;pagination&quot;,&quot;show_category&quot;:&quot;&quot;,&quot;show_author&quot;:&quot;&quot;,&quot;show_date&quot;:&quot;true&quot;,&quot;show_button&quot;:&quot;&quot;,&quot;button_text&quot;:&quot;Daha \\u00c7ox&quot;,&quot;show_excerpt&quot;:&quot;true&quot;,&quot;num_words&quot;:24,&quot;ct_animate&quot;:&quot;&quot;,&quot;template_type&quot;:&quot;post_grid_layout1&quot;,&quot;tax&quot;:[&quot;category&quot;]}\" data-query=\"{&quot;post_type&quot;:&quot;post&quot;,&quot;post_status&quot;:&quot;publish&quot;,&quot;posts_per_page&quot;:20,&quot;order&quot;:&quot;desc&quot;,&quot;orderby&quot;:&quot;date&quot;,&quot;tax_query&quot;:{&quot;relation&quot;:&quot;OR&quot;,&quot;0&quot;:{&quot;taxonomy&quot;:&quot;category&quot;,&quot;field&quot;:&quot;slug&quot;,&quot;operator&quot;:&quot;IN&quot;,&quot;terms&quot;:[&quot;news&quot;]}},&quot;post__not_in&quot;:[8608]}\">\r\n                    <\/div>\r\n        <\/div>\t\t\t\t<\/div>\n\t\t\t\t<\/div>\n\t\t            <\/div>\n        <\/div>\n                    <\/div>\n        <\/section>\n        \t\t<\/div>\n\t\t","protected":false},"excerpt":{"rendered":"<p>News 24 Sen, 24 B\u00f6yr\u0259k X\u0259st\u0259liyinin M\u00fcalic\u0259 \u00dcsullar\u0131 B\u00f6yr\u0259k x\u0259st\u0259likl\u0259rinin m\u00fcalic\u0259si x\u0259st\u0259liyin n\u00f6v\u00fcn\u0259 v\u0259 m\u0259rh\u0259l\u0259sin\u0259 g\u00f6r\u0259 f\u0259rql\u0259nir. \u018fsas m\u00fcalic\u0259 \u00fcsullar\u0131 bunlard\u0131r: 24 Sen, 24 B\u00f6yr\u0259k X\u0259st\u0259liyind\u0259 Fiziki Aktivliyin Rolu Fiziki aktivlik, b\u00f6yr\u0259k x\u0259st\u0259l\u0259rinin \u00fcmumi sa\u011flaml\u0131\u011f\u0131n\u0131 yax\u015f\u0131la\u015fd\u0131rmaq \u00fc\u00e7\u00fcn m\u00fch\u00fcm bir komponentdir. M\u00fct\u0259madi olaraq idman etm\u0259k, qan t\u0259zyiqini v\u0259 qan \u015f\u0259k\u0259rini nizamlama\u011fa k\u00f6m\u0259k edir, bu&hellip; 24 Sen, [&hellip;]<\/p>\n","protected":false},"author":1,"featured_media":0,"parent":0,"menu_order":0,"comment_status":"closed","ping_status":"closed","template":"","meta":{"_monsterinsights_skip_tracking":false,"_monsterinsights_sitenote_active":false,"_monsterinsights_sitenote_note":"","_monsterinsights_sitenote_category":0,"footnotes":""},"class_list":["post-8608","page","type-page","status-publish","hentry"],"_links":{"self":[{"href":"https:\/\/kidneytransplant.az\/en\/wp-json\/wp\/v2\/pages\/8608","targetHints":{"allow":["GET"]}}],"collection":[{"href":"https:\/\/kidneytransplant.az\/en\/wp-json\/wp\/v2\/pages"}],"about":[{"href":"https:\/\/kidneytransplant.az\/en\/wp-json\/wp\/v2\/types\/page"}],"author":[{"embeddable":true,"href":"https:\/\/kidneytransplant.az\/en\/wp-json\/wp\/v2\/users\/1"}],"replies":[{"embeddable":true,"href":"https:\/\/kidneytransplant.az\/en\/wp-json\/wp\/v2\/comments?post=8608"}],"version-history":[{"count":15,"href":"https:\/\/kidneytransplant.az\/en\/wp-json\/wp\/v2\/pages\/8608\/revisions"}],"predecessor-version":[{"id":9445,"href":"https:\/\/kidneytransplant.az\/en\/wp-json\/wp\/v2\/pages\/8608\/revisions\/9445"}],"wp:attachment":[{"href":"https:\/\/kidneytransplant.az\/en\/wp-json\/wp\/v2\/media?parent=8608"}],"curies":[{"name":"wp","href":"https:\/\/api.w.org\/{rel}","templated":true}]}}