{"id":9229,"date":"2025-03-04T02:26:27","date_gmt":"2025-03-03T22:26:27","guid":{"rendered":"https:\/\/kidneytransplant.az\/?page_id=9229"},"modified":"2025-03-24T14:33:25","modified_gmt":"2025-03-24T10:33:25","slug":"dr-rashad-sholan-research-areas","status":"publish","type":"page","link":"https:\/\/kidneytransplant.az\/en\/dr-rashad-sholan-research-areas\/","title":{"rendered":"Dr-Rashad-Sholan\/Research-Areas"},"content":{"rendered":"\t\t<div data-elementor-type=\"wp-page\" data-elementor-id=\"9229\" class=\"elementor elementor-9229 elementor-9228\" data-elementor-post-type=\"page\">\n\t\t\t\t<div class=\"elementor-element elementor-element-468c85b8 e-flex e-con-boxed e-con e-parent\" data-id=\"468c85b8\" data-element_type=\"container\">\n\t\t\t\t\t<div class=\"e-con-inner\">\n\t\t<div class=\"elementor-element elementor-element-18712747 e-con-full e-flex e-con e-child\" data-id=\"18712747\" data-element_type=\"container\" data-settings=\"{&quot;background_background&quot;:&quot;classic&quot;}\">\n\t\t\t\t<div class=\"elementor-element elementor-element-8435595 elementor-widget elementor-widget-image\" data-id=\"8435595\" data-element_type=\"widget\" data-widget_type=\"image.default\">\n\t\t\t\t<div class=\"elementor-widget-container\">\n\t\t\t\t\t\t\t\t\t\t\t\t\t\t\t<img decoding=\"async\" src=\"https:\/\/kidneytransplant.az\/wp-content\/uploads\/elementor\/thumbs\/Basliqsiz-dizayn-64-r0yi7mvof4sel4cnrn1g81og92zraf59vfly17acpc.png\" title=\"Ba\u015fl\u0131qs\u0131z dizayn (64)\" alt=\"Ba\u015fl\u0131qs\u0131z dizayn (64)\" loading=\"lazy\" \/>\t\t\t\t\t\t\t\t\t\t\t\t\t\t\t<\/div>\n\t\t\t\t<\/div>\n\t\t\t\t<div class=\"elementor-element elementor-element-7085898 elementor-widget elementor-widget-heading\" data-id=\"7085898\" data-element_type=\"widget\" data-widget_type=\"heading.default\">\n\t\t\t\t<div class=\"elementor-widget-container\">\n\t\t\t\t\t<h2 class=\"elementor-heading-title elementor-size-default\">Rashad Sholan MD, DSci, PhD<\/h2>\t\t\t\t<\/div>\n\t\t\t\t<\/div>\n\t\t<div class=\"elementor-element elementor-element-41d73d7 e-con-full e-flex e-con e-child\" data-id=\"41d73d7\" data-element_type=\"container\">\n\t\t\t\t<div class=\"elementor-element elementor-element-1d50d11 elementor-view-default elementor-widget elementor-widget-icon\" data-id=\"1d50d11\" data-element_type=\"widget\" data-widget_type=\"icon.default\">\n\t\t\t\t<div class=\"elementor-widget-container\">\n\t\t\t\t\t\t\t<div class=\"elementor-icon-wrapper\">\n\t\t\t<a class=\"elementor-icon\" href=\"https:\/\/scholar.google.com\/citations?hl=ru&#038;user=O9ycbKkAAAAJ\" target=\"_blank\">\n\t\t\t<svg xmlns=\"http:\/\/www.w3.org\/2000\/svg\" viewBox=\"0 0 48 48\" width=\"256px\" height=\"256px\"><path fill=\"#1e88e5\" d=\"M24,4C12.954,4,4,12.954,4,24s8.954,20,20,20s20-8.954,20-20S35.046,4,24,4z\"><\/path><path fill=\"#1565c0\" d=\"M35,16.592v-3.878L37,11H27l0.917,1.833c-1.236,0-2.265,0-2.265,0S19.095,13,19.095,18.748 c0,5.752,5.732,5.088,5.732,5.088s0,0.865,0,1.453c0,0.594,0.77,0.391,0.864,1.583c-0.388,0-7.964-0.208-7.964,4.998 s6.679,4.959,6.679,4.959s7.722,0.365,7.722-6.104c0-3.871-4.405-5.121-4.405-6.686c0-1.563,3.319-2.012,3.319-5.684 c0-0.823-0.028-1.524-0.149-2.12L34,13.571v3.02c-0.581,0.207-1,0.756-1,1.408v4.5c0,0.829,0.672,1.5,1.5,1.5s1.5-0.671,1.5-1.5V18 C36,17.348,35.581,16.799,35,16.592z M30.047,31.169c0.131,2.024-1.929,3.811-4.603,3.998c-2.671,0.188-4.946-1.295-5.077-3.316 c-0.133-2.016,1.927-3.805,4.6-3.996C27.641,27.667,29.914,29.152,30.047,31.169z M26.109,22.453 c-1.592,0.451-3.375-1.062-3.982-3.367c-0.604-2.312,0.195-4.543,1.786-4.992c1.593-0.453,3.374,1.059,3.981,3.367 C28.499,19.77,27.702,22.004,26.109,22.453z\"><\/path><path fill=\"#e8eaf6\" d=\"M34,16.592V12c0-0.051-0.015-0.097-0.029-0.143L35,11H21l-9,8h5.383 c0.174,5.466,5.715,4.836,5.715,4.836s0,0.865,0,1.453c0,0.594,0.771,0.391,0.865,1.583c-0.388,0-7.964-0.208-7.964,4.998 s6.679,4.959,6.679,4.959s7.721,0.365,7.721-6.104c0-3.871-4.404-5.121-4.404-6.686c0-1.563,3.318-2.012,3.318-5.684 c0-0.971-0.047-1.763-0.232-2.422L33,12.667v3.925c-0.581,0.207-1,0.756-1,1.408v4.5c0,0.829,0.672,1.5,1.5,1.5s1.5-0.671,1.5-1.5 V18C35,17.348,34.581,16.799,34,16.592z M28.319,31.169c0.131,2.024-1.928,3.811-4.602,3.998c-2.671,0.188-4.946-1.295-5.077-3.316 c-0.133-2.016,1.927-3.805,4.599-3.996C25.914,27.667,28.187,29.152,28.319,31.169z M24.38,22.453 c-1.591,0.451-3.373-1.062-3.981-3.367c-0.604-2.312,0.194-4.543,1.785-4.992c1.593-0.453,3.374,1.059,3.982,3.367 C26.77,19.77,25.973,22.004,24.38,22.453z\"><\/path><\/svg>\t\t\t<\/a>\n\t\t<\/div>\n\t\t\t\t\t\t<\/div>\n\t\t\t\t<\/div>\n\t\t\t\t<div class=\"elementor-element elementor-element-e79d201 elementor-view-default elementor-widget elementor-widget-icon\" data-id=\"e79d201\" data-element_type=\"widget\" data-widget_type=\"icon.default\">\n\t\t\t\t<div class=\"elementor-widget-container\">\n\t\t\t\t\t\t\t<div class=\"elementor-icon-wrapper\">\n\t\t\t<a class=\"elementor-icon\" href=\"https:\/\/orcid.org\/0000-0002-1047-167X\" target=\"_blank\">\n\t\t\t<svg xmlns=\"http:\/\/www.w3.org\/2000\/svg\" xmlns:xlink=\"http:\/\/www.w3.org\/1999\/xlink\" id=\"Layer_1\" x=\"0px\" y=\"0px\" viewBox=\"0 0 256 256\" style=\"enable-background:new 0 0 256 256;\" xml:space=\"preserve\"><style type=\"text\/css\">\t.st0{fill:#A6CE39;}\t.st1{fill:#FFFFFF;}<\/style><path class=\"st0\" d=\"M256,128c0,70.7-57.3,128-128,128C57.3,256,0,198.7,0,128C0,57.3,57.3,0,128,0C198.7,0,256,57.3,256,128z\"><\/path><g>\t<path class=\"st1\" d=\"M86.3,186.2H70.9V79.1h15.4v48.4V186.2z\"><\/path>\t<path class=\"st1\" d=\"M108.9,79.1h41.6c39.6,0,57,28.3,57,53.6c0,27.5-21.5,53.6-56.8,53.6h-41.8V79.1z M124.3,172.4h24.5  c34.9,0,42.9-26.5,42.9-39.7c0-21.5-13.7-39.7-43.7-39.7h-23.7V172.4z\"><\/path>\t<path class=\"st1\" d=\"M88.7,56.8c0,5.5-4.5,10.1-10.1,10.1c-5.6,0-10.1-4.6-10.1-10.1c0-5.6,4.5-10.1,10.1-10.1  C84.2,46.7,88.7,51.3,88.7,56.8z\"><\/path><\/g><\/svg>\t\t\t<\/a>\n\t\t<\/div>\n\t\t\t\t\t\t<\/div>\n\t\t\t\t<\/div>\n\t\t\t\t<\/div>\n\t\t\t\t<div class=\"elementor-element elementor-element-5d4d26f4 elementor-align-left btn-service e-transform elementor-widget elementor-widget-button\" data-id=\"5d4d26f4\" data-element_type=\"widget\" data-settings=\"{&quot;_transform_translateX_effect_hover&quot;:{&quot;unit&quot;:&quot;px&quot;,&quot;size&quot;:11,&quot;sizes&quot;:[]},&quot;_transform_translateX_effect_hover_tablet&quot;:{&quot;unit&quot;:&quot;px&quot;,&quot;size&quot;:&quot;&quot;,&quot;sizes&quot;:[]},&quot;_transform_translateX_effect_hover_mobile&quot;:{&quot;unit&quot;:&quot;px&quot;,&quot;size&quot;:&quot;&quot;,&quot;sizes&quot;:[]},&quot;_transform_translateY_effect_hover&quot;:{&quot;unit&quot;:&quot;px&quot;,&quot;size&quot;:&quot;&quot;,&quot;sizes&quot;:[]},&quot;_transform_translateY_effect_hover_tablet&quot;:{&quot;unit&quot;:&quot;px&quot;,&quot;size&quot;:&quot;&quot;,&quot;sizes&quot;:[]},&quot;_transform_translateY_effect_hover_mobile&quot;:{&quot;unit&quot;:&quot;px&quot;,&quot;size&quot;:&quot;&quot;,&quot;sizes&quot;:[]}}\" data-widget_type=\"button.default\">\n\t\t\t\t<div class=\"elementor-widget-container\">\n\t\t\t\t\t\t\t\t\t<div class=\"elementor-button-wrapper\">\n\t\t\t\t\t<a class=\"elementor-button elementor-button-link elementor-size-sm\" href=\"https:\/\/kidneytransplant.az\/en\/dr-rashad-sholan\/\">\n\t\t\t\t\t\t<span class=\"elementor-button-content-wrapper\">\n\t\t\t\t\t\t\t\t\t<span class=\"elementor-button-text\">General Information<\/span>\n\t\t\t\t\t<\/span>\n\t\t\t\t\t<\/a>\n\t\t\t\t<\/div>\n\t\t\t\t\t\t\t\t<\/div>\n\t\t\t\t<\/div>\n\t\t\t\t<div class=\"elementor-element elementor-element-4ae52fa elementor-align-left btn-service e-transform elementor-widget elementor-widget-button\" data-id=\"4ae52fa\" data-element_type=\"widget\" data-settings=\"{&quot;_transform_translateX_effect_hover&quot;:{&quot;unit&quot;:&quot;px&quot;,&quot;size&quot;:10,&quot;sizes&quot;:[]},&quot;_transform_translateX_effect_hover_tablet&quot;:{&quot;unit&quot;:&quot;px&quot;,&quot;size&quot;:&quot;&quot;,&quot;sizes&quot;:[]},&quot;_transform_translateX_effect_hover_mobile&quot;:{&quot;unit&quot;:&quot;px&quot;,&quot;size&quot;:&quot;&quot;,&quot;sizes&quot;:[]},&quot;_transform_translateY_effect_hover&quot;:{&quot;unit&quot;:&quot;px&quot;,&quot;size&quot;:&quot;&quot;,&quot;sizes&quot;:[]},&quot;_transform_translateY_effect_hover_tablet&quot;:{&quot;unit&quot;:&quot;px&quot;,&quot;size&quot;:&quot;&quot;,&quot;sizes&quot;:[]},&quot;_transform_translateY_effect_hover_mobile&quot;:{&quot;unit&quot;:&quot;px&quot;,&quot;size&quot;:&quot;&quot;,&quot;sizes&quot;:[]}}\" data-widget_type=\"button.default\">\n\t\t\t\t<div class=\"elementor-widget-container\">\n\t\t\t\t\t\t\t\t\t<div class=\"elementor-button-wrapper\">\n\t\t\t\t\t<a class=\"elementor-button elementor-button-link elementor-size-sm\" href=\"https:\/\/kidneytransplant.az\/en\/dr-resad-solan-education\/\">\n\t\t\t\t\t\t<span class=\"elementor-button-content-wrapper\">\n\t\t\t\t\t\t\t\t\t<span class=\"elementor-button-text\">Education Information<\/span>\n\t\t\t\t\t<\/span>\n\t\t\t\t\t<\/a>\n\t\t\t\t<\/div>\n\t\t\t\t\t\t\t\t<\/div>\n\t\t\t\t<\/div>\n\t\t\t\t<div class=\"elementor-element elementor-element-bdbd17f elementor-align-left btn-service e-transform elementor-widget elementor-widget-button\" data-id=\"bdbd17f\" data-element_type=\"widget\" data-settings=\"{&quot;_transform_translateX_effect_hover&quot;:{&quot;unit&quot;:&quot;px&quot;,&quot;size&quot;:10,&quot;sizes&quot;:[]},&quot;_transform_translateX_effect_hover_tablet&quot;:{&quot;unit&quot;:&quot;px&quot;,&quot;size&quot;:&quot;&quot;,&quot;sizes&quot;:[]},&quot;_transform_translateX_effect_hover_mobile&quot;:{&quot;unit&quot;:&quot;px&quot;,&quot;size&quot;:&quot;&quot;,&quot;sizes&quot;:[]},&quot;_transform_translateY_effect_hover&quot;:{&quot;unit&quot;:&quot;px&quot;,&quot;size&quot;:&quot;&quot;,&quot;sizes&quot;:[]},&quot;_transform_translateY_effect_hover_tablet&quot;:{&quot;unit&quot;:&quot;px&quot;,&quot;size&quot;:&quot;&quot;,&quot;sizes&quot;:[]},&quot;_transform_translateY_effect_hover_mobile&quot;:{&quot;unit&quot;:&quot;px&quot;,&quot;size&quot;:&quot;&quot;,&quot;sizes&quot;:[]}}\" data-widget_type=\"button.default\">\n\t\t\t\t<div class=\"elementor-widget-container\">\n\t\t\t\t\t\t\t\t\t<div class=\"elementor-button-wrapper\">\n\t\t\t\t\t<a class=\"elementor-button elementor-button-link elementor-size-sm\" href=\"https:\/\/kidneytransplant.az\/en\/dr-rashad-sholan-research-areas\/\">\n\t\t\t\t\t\t<span class=\"elementor-button-content-wrapper\">\n\t\t\t\t\t\t\t\t\t<span class=\"elementor-button-text\">Research Areas<\/span>\n\t\t\t\t\t<\/span>\n\t\t\t\t\t<\/a>\n\t\t\t\t<\/div>\n\t\t\t\t\t\t\t\t<\/div>\n\t\t\t\t<\/div>\n\t\t\t\t<div class=\"elementor-element elementor-element-36625f1 elementor-align-left btn-service e-transform elementor-widget elementor-widget-button\" data-id=\"36625f1\" data-element_type=\"widget\" data-settings=\"{&quot;_transform_translateX_effect_hover&quot;:{&quot;unit&quot;:&quot;px&quot;,&quot;size&quot;:10,&quot;sizes&quot;:[]},&quot;_transform_translateX_effect_hover_tablet&quot;:{&quot;unit&quot;:&quot;px&quot;,&quot;size&quot;:&quot;&quot;,&quot;sizes&quot;:[]},&quot;_transform_translateX_effect_hover_mobile&quot;:{&quot;unit&quot;:&quot;px&quot;,&quot;size&quot;:&quot;&quot;,&quot;sizes&quot;:[]},&quot;_transform_translateY_effect_hover&quot;:{&quot;unit&quot;:&quot;px&quot;,&quot;size&quot;:&quot;&quot;,&quot;sizes&quot;:[]},&quot;_transform_translateY_effect_hover_tablet&quot;:{&quot;unit&quot;:&quot;px&quot;,&quot;size&quot;:&quot;&quot;,&quot;sizes&quot;:[]},&quot;_transform_translateY_effect_hover_mobile&quot;:{&quot;unit&quot;:&quot;px&quot;,&quot;size&quot;:&quot;&quot;,&quot;sizes&quot;:[]}}\" data-widget_type=\"button.default\">\n\t\t\t\t<div class=\"elementor-widget-container\">\n\t\t\t\t\t\t\t\t\t<div class=\"elementor-button-wrapper\">\n\t\t\t\t\t<a class=\"elementor-button elementor-button-link elementor-size-sm\" href=\"https:\/\/kidneytransplant.az\/en\/dr-rashad-sholan-contact\/\">\n\t\t\t\t\t\t<span class=\"elementor-button-content-wrapper\">\n\t\t\t\t\t\t\t\t\t<span class=\"elementor-button-text\">Contact<\/span>\n\t\t\t\t\t<\/span>\n\t\t\t\t\t<\/a>\n\t\t\t\t<\/div>\n\t\t\t\t\t\t\t\t<\/div>\n\t\t\t\t<\/div>\n\t\t\t\t<\/div>\n\t\t<div class=\"elementor-element elementor-element-2c6386ce e-con-full e-flex e-con e-child\" data-id=\"2c6386ce\" data-element_type=\"container\">\n\t\t<div class=\"elementor-element elementor-element-289c33dc e-con-full e-flex e-con e-child\" data-id=\"289c33dc\" data-element_type=\"container\">\n\t\t\t\t<div class=\"elementor-element elementor-element-1a4d55d elementor-widget elementor-widget-heading\" data-id=\"1a4d55d\" data-element_type=\"widget\" data-widget_type=\"heading.default\">\n\t\t\t\t<div class=\"elementor-widget-container\">\n\t\t\t\t\t<h2 class=\"elementor-heading-title elementor-size-default\">Research Areas<\/h2>\t\t\t\t<\/div>\n\t\t\t\t<\/div>\n\t\t\t\t<\/div>\n\t\t<div class=\"elementor-element elementor-element-49bce77 e-con-full e-flex e-con e-child\" data-id=\"49bce77\" data-element_type=\"container\">\n\t\t\t\t<div class=\"elementor-element elementor-element-2f14375 elementor-widget elementor-widget-text-editor\" data-id=\"2f14375\" data-element_type=\"widget\" data-widget_type=\"text-editor.default\">\n\t\t\t\t<div class=\"elementor-widget-container\">\n\t\t\t\t\t\t\t\t\t<p>URO-ONCOLOGY<br \/>FUNCTIONAL UROLOGY (CYSTITIS)<br \/>EXPERIMENTAL UROLOGY<br \/>KIDNEY TRANSPLANTATION<br \/>RESEARCH OF ARTIFICIAL ORGANS<\/p>\t\t\t\t\t\t\t\t<\/div>\n\t\t\t\t<\/div>\n\t\t\t\t<\/div>\n\t\t\t\t<\/div>\n\t\t\t\t\t<\/div>\n\t\t\t\t<\/div>\n\t\t<div class=\"elementor-element elementor-element-15fc983c e-flex e-con-boxed e-con e-parent\" data-id=\"15fc983c\" data-element_type=\"container\">\n\t\t\t\t\t<div class=\"e-con-inner\">\n\t\t\t\t<div class=\"elementor-element elementor-element-4eb6902e elementor-widget elementor-widget-html\" data-id=\"4eb6902e\" data-element_type=\"widget\" data-widget_type=\"html.default\">\n\t\t\t\t<div class=\"elementor-widget-container\">\n\t\t\t\t\t<style>\n\n\n\/**Service Details Page**\/\n\n:root{\n    --theme-color1: #ae8fff;\n    --theme-color2: #7243f2;\n    --theme-color3: #ffffff;\n    --theme-color4: #1d1729;\n    --bg-theme-color2: #7243f2;\n    --gradient-1: linear-gradient(to left, #ae8fff, #7243f2);\n}\n\n.page-breadcrumb a .elementor-icon-list-text{\n    color: var(--theme-color2) !important;\n    }\n    \n.page-breadcrumb a:hover .elementor-icon-list-text{\n    color: var(--theme-color3) !important;\n    }\n\n.btn-service .elementor-button-text{\n    text-align: left !important;\n}\n\n\n.btn-style-one.hvr-white .elementor-button:before{\n    background-color: var(--theme-color3)!important;\n    z-index: 0;\n    \n}\n\n.btn-style-one.hvr-white .elementor-button-icon{\n    font-size: 36px;\n    margin-left: 0px;\n}\n\n\n\n\n\n\/*Button Global style *\/\n\n.btn-style-one.btn-style-skew .elementor-button{\n    -webkit-transform: skew(-12deg);\n    transform: skew(-12deg);\n    transform-origin: top right !important;\n     -webkit-transform-origin: top right !important;\n     margin-right: 8px;\n}\n\n\n .btn-style-one .elementor-button-text, .btn-style-one .elementor-button-icon{\n     z-index: 2;\n     \n }\n \n .btn-style-one.btn-style-skew .elementor-button-text{\n     transform: skew(12deg) !important;\n    \n     \n }\n\n .btn-style-one .elementor-button:before,.btn-style-two .elementor-button:before{\n    position: absolute;\n    left: 0;\n    top: 0%;\n    height: 100%;\n    width: 100%;\n    content: \"\";\n    background-color: var(--theme-color3);\n    z-index: -1;\n    -webkit-transform: scale(0, 1);\n    transform: scale(0, 1);\n    -webkit-transform-origin: bottom left;\n    transform-origin: bottom left;\n    transition: -webkit-transform 500ms cubic-bezier(0.86, 0, 0.07, 1);\n    -webkit-transition: -webkit-transform 500ms cubic-bezier(0.86, 0, 0.07, 1);\n    transition: transform 500ms cubic-bezier(0.86, 0, 0.07, 1);\n    transition: transform 500ms cubic-bezier(0.86, 0, 0.07, 1), -webkit-transform 500ms cubic-bezier(0.86, 0, 0.07, 1);\n    -webkit-transition-timing-function: cubic-bezier(0.86, 0, 0.07, 1);\n    transition-timing-function: cubic-bezier(0.86, 0, 0.07, 1);\n \n}\n\n\n.btn-style-one.hvr-dark .elementor-button:before{\n    background-color: var(--theme-color4)!important;\n    z-index: 0;\n    \n}\n\n.btn-style-one .elementor-button:hover:before{\n    -webkit-transform-origin: top right;\n    transform-origin: top right;\n    -webkit-transform: scale(1, 1);\n    transform: scale(1, 1);\n}\n\n .btn-style-two .elementor-button{\n    -webkit-transform: skew(-12deg);\n    transform: skew(-12deg);\n    -webkit-transform-origin: bottom left;\n    transform-origin: bottom left;\n}\n\n.btn-style-two .elementor-button:before{\n    background: var(--gradient-1);\n    -webkit-transform-origin: top right;\n    transform-origin: top right;\n}\n\n\n.btn-style-two:hover .elementor-button:before {\n    -webkit-transform-origin: bottom left;\n    transform-origin: bottom left;\n    -webkit-transform: scale(1, 1);\n    transform: scale(1, 1);\n}\n\n\n\/**Service Details Page END**\/\n<\/style>\t\t\t\t<\/div>\n\t\t\t\t<\/div>\n\t\t\t\t\t<\/div>\n\t\t\t\t<\/div>\n\t\t\t\t<\/div>\n\t\t","protected":false},"excerpt":{"rendered":"<p>Rashad Sholan MD, DSci, PhD General Information Education Information Research Areas Contact Research Areas URO-ONCOLOGYFUNCTIONAL UROLOGY (CYSTITIS)EXPERIMENTAL UROLOGYKIDNEY TRANSPLANTATIONRESEARCH OF ARTIFICIAL ORGANS<\/p>\n","protected":false},"author":1,"featured_media":0,"parent":0,"menu_order":0,"comment_status":"closed","ping_status":"closed","template":"","meta":{"_monsterinsights_skip_tracking":false,"_monsterinsights_sitenote_active":false,"_monsterinsights_sitenote_note":"","_monsterinsights_sitenote_category":0,"footnotes":""},"class_list":["post-9229","page","type-page","status-publish","hentry"],"_links":{"self":[{"href":"https:\/\/kidneytransplant.az\/en\/wp-json\/wp\/v2\/pages\/9229","targetHints":{"allow":["GET"]}}],"collection":[{"href":"https:\/\/kidneytransplant.az\/en\/wp-json\/wp\/v2\/pages"}],"about":[{"href":"https:\/\/kidneytransplant.az\/en\/wp-json\/wp\/v2\/types\/page"}],"author":[{"embeddable":true,"href":"https:\/\/kidneytransplant.az\/en\/wp-json\/wp\/v2\/users\/1"}],"replies":[{"embeddable":true,"href":"https:\/\/kidneytransplant.az\/en\/wp-json\/wp\/v2\/comments?post=9229"}],"version-history":[{"count":17,"href":"https:\/\/kidneytransplant.az\/en\/wp-json\/wp\/v2\/pages\/9229\/revisions"}],"predecessor-version":[{"id":9350,"href":"https:\/\/kidneytransplant.az\/en\/wp-json\/wp\/v2\/pages\/9229\/revisions\/9350"}],"wp:attachment":[{"href":"https:\/\/kidneytransplant.az\/en\/wp-json\/wp\/v2\/media?parent=9229"}],"curies":[{"name":"wp","href":"https:\/\/api.w.org\/{rel}","templated":true}]}}